{"id":67,"date":"2018-05-24T08:27:19","date_gmt":"2018-05-24T08:27:19","guid":{"rendered":"http:\/\/cs-berlin.de\/?page_id=67"},"modified":"2026-02-01T16:02:32","modified_gmt":"2026-02-01T16:02:32","slug":"67-2","status":"publish","type":"page","link":"https:\/\/cs-berlin.de\/","title":{"rendered":"Start"},"content":{"rendered":"\n<h4 class=\"wp-block-heading has-text-align-center\">Neue Adresse seit dem 01.01.2026<\/h4>\n\n\n\n<p class=\"has-text-align-center has-white-color has-accent-background-color has-text-color has-background\">Computer-Service<br>Jens Ulmann<br>Fontanestr. 11<br>14624 Dallgow-D\u00f6beritz<\/p>\n\n\n\n<h4 class=\"wp-block-heading has-text-align-center\">(alte Adressen: Fellbacher Str. 12, 13467 Berlin Hermsdorf, Beethovenweg 19B, 16727 Velten)<\/h4>\n\n\n\n<div class=\"wp-block-columns is-layout-flex wp-container-core-columns-is-layout-9d6595d7 wp-block-columns-is-layout-flex\">\n<div class=\"wp-block-column is-layout-flow wp-block-column-is-layout-flow\"><\/div>\n<\/div>\n\n\n\n<p class=\"has-text-align-center\">Termine nur nach vorheriger telefonischer Vereinbarung unter der Rufnummer:\u00a0<br><strong>03322 \u2013 436 76 58<\/strong><\/p>\n\n\n\n<p class=\"has-text-align-center\"><strong>Ich betreue nur Kunden, deren Hardware \u00fcber mich bezogen wurde.<\/strong><\/p>\n\n\n\n<p>Meine Kunden vertrauen auf meine jahrzehntelange Erfahrung und entscheiden sich f\u00fcr meine Empfehlung. Diese betreue ich vor Ort &#8211; pers\u00f6nlich oder per Fernwartung. Die von mir empfohlenen Computer und Notebooks haben eine Hardware-Garantie, direkt \u00fcber den Hersteller bei Ihnen vor Ort, von bis zu 5 Jahren.<\/p>\n\n\n\n<p><br><\/p>\n","protected":false},"excerpt":{"rendered":"<p>Neue Adresse seit dem 01.01.2026 Computer-ServiceJens UlmannFontanestr. 1114624 Dallgow-D\u00f6beritz (alte Adressen: Fellbacher Str. 12, 13467 Berlin Hermsdorf, Beethovenweg 19B, 16727 Velten) Termine nur nach vorheriger telefonischer Vereinbarung unter der Rufnummer:\u00a003322 \u2013 436 76 58 Ich betreue nur Kunden, deren Hardware \u00fcber mich bezogen wurde. Meine Kunden vertrauen auf meine jahrzehntelange Erfahrung und entscheiden sich f\u00fcr&hellip; <a class=\"continue\" href=\"https:\/\/cs-berlin.de\/\">Weiter Lesen<span> Start<\/span><\/a><\/p>\n","protected":false},"author":2,"featured_media":0,"parent":0,"menu_order":0,"comment_status":"closed","ping_status":"closed","template":"","meta":{"footnotes":""},"class_list":["post-67","page","type-page","status-publish","hentry"],"_links":{"self":[{"href":"https:\/\/cs-berlin.de\/index.php?rest_route=\/wp\/v2\/pages\/67","targetHints":{"allow":["GET"]}}],"collection":[{"href":"https:\/\/cs-berlin.de\/index.php?rest_route=\/wp\/v2\/pages"}],"about":[{"href":"https:\/\/cs-berlin.de\/index.php?rest_route=\/wp\/v2\/types\/page"}],"author":[{"embeddable":true,"href":"https:\/\/cs-berlin.de\/index.php?rest_route=\/wp\/v2\/users\/2"}],"replies":[{"embeddable":true,"href":"https:\/\/cs-berlin.de\/index.php?rest_route=%2Fwp%2Fv2%2Fcomments&post=67"}],"version-history":[{"count":21,"href":"https:\/\/cs-berlin.de\/index.php?rest_route=\/wp\/v2\/pages\/67\/revisions"}],"predecessor-version":[{"id":159,"href":"https:\/\/cs-berlin.de\/index.php?rest_route=\/wp\/v2\/pages\/67\/revisions\/159"}],"wp:attachment":[{"href":"https:\/\/cs-berlin.de\/index.php?rest_route=%2Fwp%2Fv2%2Fmedia&parent=67"}],"curies":[{"name":"wp","href":"https:\/\/api.w.org\/{rel}","templated":true}]}}