{"id":28,"date":"2018-05-24T07:19:34","date_gmt":"2018-05-24T07:19:34","guid":{"rendered":"http:\/\/cs-berlin.de\/?page_id=28"},"modified":"2026-02-01T16:03:09","modified_gmt":"2026-02-01T16:03:09","slug":"agb","status":"publish","type":"page","link":"https:\/\/cs-berlin.de\/?page_id=28","title":{"rendered":"AGB"},"content":{"rendered":"<h2>Allgemeine Gesch\u00e4ftsbedingungen<\/h2>\n<p>1. Nachstehende Allgemeine Gesch\u00e4ftsbedingungen gelten f\u00fcr alle Vertr\u00e4ge, Angebote, Lieferungen und sonstige Leistungen. Abweichenden Vorschriften des Vertragspartners widersprechen wir hiermit ausdr\u00fccklich. Alle Nebenabreden bed\u00fcrfen der schriftlichen Best\u00e4tigung unsererseits. Computer-Service, Jens Ulmann, ist jederzeit berechtigt, diese Allgemeinen Gesch\u00e4ftsbedingungen einschlie\u00dflich aller eventuellen Anlagen zu \u00e4ndern oder zu erg\u00e4nzen. Vorher eingehende Auftr\u00e4ge werden nach den dann noch g\u00fcltigen alten Allgemeinen Gesch\u00e4ftsbedingungen bearbeitet.<br \/>\n2. Wir behalten uns ausdr\u00fccklich technische und optische \u00c4nderungen, auch seitens der Hersteller, vor.<br \/>\n3. S\u00e4mtliche Angebote unter dem Listenpreis des Herstellers gelten nur solange, wie die Artikel von unseren bestehenden Lieferanten zu diesem Preis geliefert werden k\u00f6nnen.<br \/>\n4. Nach Auftragseingang fragen wir den Lagerstand unserer bestehenden Lieferanten ab und teilen dem Auftraggeber einen verbindlichen Bereitstellungs-, bzw. Anlieferungstermin mit. \u00dcberschreiten wir diesen Termin um mehr als drei Werktage, hat der Auftraggeber das Recht entsch\u00e4digungslos vom Kauf zur\u00fcckzutreten.<br \/>\n5. Sofern nicht schriftlich anders vereinbart, ist die Rechnung ohne Abzug bei Lieferung bzw. Abholung zu begleichen. Die Ware bleibt bis zum Eingang aller Zahlungen unser Eigentum. Wir sind berechtigt die Ware zur\u00fcckzunehmen und den Mehraufwand mit 149,00 Euro inkl. ges. MwSt. pro angefangener Stunde in Rechnung zu stellen. In der Zur\u00fccknahme der Ware durch uns liegt kein R\u00fccktritt vom Vertrag vor, es sei denn, wir h\u00e4tten dies ausdr\u00fccklich schriftlich erkl\u00e4rt. Wir sind zur Weiterverwertung der Ware befugt, der Erl\u00f6s wird den Verbindlichkeiten des Auftraggebers abz\u00fcglich des Mehraufwandes (s.o.) angerechnet.<br \/>\n6. Die Gew\u00e4hrleistung begrenzt sich auf die gesetzlichen vorgegebenen Fristen. L\u00e4ngere Gew\u00e4hrleistungsfristen der Hersteller sind \u00fcber diesen abzuwickeln. Hierbei sind wir gegen eine Aufwandsentsch\u00e4digung gerne behilflich.<br \/>\n7. Die Gew\u00e4hrleistung entf\u00e4llt, soweit der Auftraggeber Liefer- oder Leistungsgegenst\u00e4nde selbst \u00e4ndert oder durch Dritte \u00e4ndern l\u00e4sst.<br \/>\n8. Wir sichern zu, dass die Hardware die in der Rechnung zugesicherten Eigenschaften besitzt und nicht mit M\u00e4ngeln behaftet ist, die den Wert oder die Tauglichkeit zu den gew\u00f6hnlichen Gebrauch aufheben oder mindern; eine unerhebliche Minderung des Wertes oder der Tauglichkeit bleibt au\u00dfer Betracht.<br \/>\n9. Inhaltlich entsprechen unsere Gew\u00e4hrleistungspflichten denjenigen Gew\u00e4hrleistungszusagen, die der Hersteller f\u00fcr die Ware abgibt.<br \/>\n10. W\u00e4hrend der Gew\u00e4hrleistungsfrist auftretende M\u00e4ngel hat der Auftraggeber uns unverz\u00fcglich in allen ihm erkennbaren Einzelheiten schriftlich anzuzeigen und hierbei im Rahmen des Zumutbaren unsere Hinweise zur Problemanalyse und Fehlerbestimmung und -Beseitigung zu beachten und zu befolgen.<br \/>\n11. Wir sind berechtigt im Rahmen unserer Gew\u00e4hrleistungsverpflichtung fehlerhafte Ger\u00e4te, Elemente, Zusatzeinrichtungen oder Teile instandsetzen zu lassen oder auszutauschen. Der Auftraggeber gibt uns die erforderliche Zeit und Gelegenheit zur Durchf\u00fchrung der Nachbesserungsarbeiten.<br \/>\n12. Der Auftraggeber ist verantwortlich f\u00fcr die Sicherung auf externe Medien der von ihm erstellten, bzw. ver\u00e4nderten Daten und Programme.<br \/>\n13. Weitergehende Anspr\u00fcche des Auftraggebers, gleich aus welchen Rechtsgr\u00fcnden, insbesondere f\u00fcr Datenverlust, sind ausgeschlossen. Wir haften nicht f\u00fcr Sch\u00e4den, die nicht am Liefer- oder Leistungsgegenstand selbst entstanden sind. Vorstehende Haftungsfreizeichnung gilt nicht, soweit die Schadenursache auf Vorsatz oder grober Fahrl\u00e4ssigkeit beruhte.<br \/>\n13. Gerichtsstand ist der Sitz unserer Firma.<br \/>\n14. Es gilt ausschlie\u00dflich das Recht der Bundesrepublik Deutschland.<\/p>\n<p>Sollten Punkte unserer allgemeinen Gesch\u00e4ftsbedingungen ung\u00fcltig sein oder werden, bleibt die G\u00fcltigkeit der anderen hiervon unber\u00fchrt.<\/p>\n<p>Computer-Service, Jens Ulmann, Fontanestr. 11, 14624 Dallgow-D\u00f6beritz<\/p>\n<p>01.02.2026<\/p>\n","protected":false},"excerpt":{"rendered":"<p>Allgemeine Gesch\u00e4ftsbedingungen 1. Nachstehende Allgemeine Gesch\u00e4ftsbedingungen gelten f\u00fcr alle Vertr\u00e4ge, Angebote, Lieferungen und sonstige Leistungen. Abweichenden Vorschriften des Vertragspartners widersprechen wir hiermit ausdr\u00fccklich. Alle Nebenabreden bed\u00fcrfen der schriftlichen Best\u00e4tigung unsererseits. Computer-Service, Jens Ulmann, ist jederzeit berechtigt, diese Allgemeinen Gesch\u00e4ftsbedingungen einschlie\u00dflich aller eventuellen Anlagen zu \u00e4ndern oder zu erg\u00e4nzen. Vorher eingehende Auftr\u00e4ge werden nach den dann&hellip; <a class=\"continue\" href=\"https:\/\/cs-berlin.de\/?page_id=28\">Weiter Lesen<span> AGB<\/span><\/a><\/p>\n","protected":false},"author":2,"featured_media":0,"parent":0,"menu_order":0,"comment_status":"closed","ping_status":"closed","template":"","meta":{"footnotes":""},"class_list":["post-28","page","type-page","status-publish","hentry"],"_links":{"self":[{"href":"https:\/\/cs-berlin.de\/index.php?rest_route=\/wp\/v2\/pages\/28","targetHints":{"allow":["GET"]}}],"collection":[{"href":"https:\/\/cs-berlin.de\/index.php?rest_route=\/wp\/v2\/pages"}],"about":[{"href":"https:\/\/cs-berlin.de\/index.php?rest_route=\/wp\/v2\/types\/page"}],"author":[{"embeddable":true,"href":"https:\/\/cs-berlin.de\/index.php?rest_route=\/wp\/v2\/users\/2"}],"replies":[{"embeddable":true,"href":"https:\/\/cs-berlin.de\/index.php?rest_route=%2Fwp%2Fv2%2Fcomments&post=28"}],"version-history":[{"count":9,"href":"https:\/\/cs-berlin.de\/index.php?rest_route=\/wp\/v2\/pages\/28\/revisions"}],"predecessor-version":[{"id":160,"href":"https:\/\/cs-berlin.de\/index.php?rest_route=\/wp\/v2\/pages\/28\/revisions\/160"}],"wp:attachment":[{"href":"https:\/\/cs-berlin.de\/index.php?rest_route=%2Fwp%2Fv2%2Fmedia&parent=28"}],"curies":[{"name":"wp","href":"https:\/\/api.w.org\/{rel}","templated":true}]}}