{"id":18,"date":"2018-05-24T06:42:48","date_gmt":"2018-05-24T06:42:48","guid":{"rendered":"http:\/\/cs-berlin.de\/?page_id=18"},"modified":"2018-05-24T06:47:25","modified_gmt":"2018-05-24T06:47:25","slug":"datenschutzerklaerung","status":"publish","type":"page","link":"https:\/\/cs-berlin.de\/?page_id=18","title":{"rendered":"Datenschutzerkl\u00e4rung"},"content":{"rendered":"<header class=\"entry-header\">\n<h6 class=\"entry-title\">Ich, der Betreiber dieser Website (http:\/\/www.cs-berlin.de), sch\u00fctze Ihre pers\u00f6nlichen Daten gewissenhaft und befolge dabei alle Bestimmungen der Datenschutzgesetze. Personenbezogene Daten werden auf dieser Webseite nur soweit erhoben, wie es technisch f\u00fcr statistische Zwecke notwendig ist. Ich werde die tempor\u00e4r gespeicherten Daten weder verkaufen noch aus anderen Gr\u00fcnden an Dritte weitergegeben.<\/h6>\n<\/header>\n<div class=\"entry-content clearfix\">\n<p><strong>Wie gehen wir mit Ihren Daten um?<\/strong><br \/>\nIhr Browser \u00fcbermittelt von sich aus automatisch die folgenden aufgelisteten Daten, die wir ebenso automatisiert tempor\u00e4r in einer Datenbank auf unserem Server abspeichern:<br \/>\n\u2022 Browsertyp und Version<br \/>\n\u2022 Das von Ihnen verwendete Betriebssystem<br \/>\n\u2022 Referrer URL (die von Ihnen zuletzt besuchte Seite)<br \/>\n\u2022 Hostname des zugreifenden Rechners (IP Adresse)<br \/>\n\u2022 Uhrzeit des Aufrufs unserer Seite, je nach Einstellung auch der Tag.<\/p>\n<p>Wir k\u00f6nnen diese Daten nicht einzelnen Personen zuordnen, sie bleiben f\u00fcr uns anonym. Wir f\u00fchren diese Daten auch nicht mit Daten aus anderen Quellen zusammen, sie dienen ausschlie\u00dflich statistischen Zwecken, um die Besuchsh\u00e4ufigkeit und das Navigieren in dieser Website analysieren zu k\u00f6nnen, die Daten werden nach jeder statistischen Auswertung gel\u00f6scht.<br \/>\n<b><\/b><\/p>\n<p><b>Cookies<\/b><br \/>\nWir verwenden so genannte Cookies. Das sind kleine Textdateien, die Ihnen das Navigieren auf unseren Seiten vereinfachen und zudem auch sicherer machen, wenn Sie sich auf unseren Seiten im Menu bewegen. Diese Dateien werden zun\u00e4chst vom Browser gespeichert und meistens sogar beim Schlie\u00dfen des Browsers gel\u00f6scht. Sie verursachen durch uns keinerlei Sch\u00e4den, werden auch nicht von uns zu irgendwelchen Zwecken genutzt, noch bei uns gespeichert und k\u00f6nnen von Ihnen jederzeit gel\u00f6scht werden.<\/p>\n<p><b>Wie k\u00f6nnen Sie sich weiter informieren?<\/b><br \/>\nSie k\u00f6nnen jederzeit alle \u00fcber sie aktuell gespeicherte Daten abfragen. Historische Daten werden periodisch gel\u00f6scht. Dabei k\u00f6nnen Sie die Herkunft der Daten erfahren, ob von uns abgefragt, oder von Ihnen geliefert, und erhalten ebenso Auskunft \u00fcber den Zweck der Speicherung. Dieses Recht auf Auskunft ist uneingeschr\u00e4nkt, Sie k\u00f6nnen es durch eine Mail an die Betreiber (siehe Impressum) jederzeit wahrnehmen.<br \/>\nWenn Sie weitere Fragen in Bezug auf die Speicherung und Verwendung Ihrer personenbezogenen Daten haben, oder Fragen auftreten, die \u00fcber den Umfang dieser Datenschutzerkl\u00e4rung hinausgehen, wenden Sie sich bitte vertrauensvoll an uns. Wir stehen Ihnen jederzeit zur Auskunft und Erl\u00e4uterung zur Verf\u00fcgung.<\/p>\n<\/div>\n","protected":false},"excerpt":{"rendered":"<p>Ich, der Betreiber dieser Website (http:\/\/www.cs-berlin.de), sch\u00fctze Ihre pers\u00f6nlichen Daten gewissenhaft und befolge dabei alle Bestimmungen der Datenschutzgesetze. Personenbezogene Daten werden auf dieser Webseite nur soweit erhoben, wie es technisch f\u00fcr statistische Zwecke notwendig ist. Ich werde die tempor\u00e4r gespeicherten Daten weder verkaufen noch aus anderen Gr\u00fcnden an Dritte weitergegeben. Wie gehen wir mit Ihren&hellip; <a class=\"continue\" href=\"https:\/\/cs-berlin.de\/?page_id=18\">Weiter Lesen<span> Datenschutzerkl\u00e4rung<\/span><\/a><\/p>\n","protected":false},"author":2,"featured_media":0,"parent":0,"menu_order":0,"comment_status":"closed","ping_status":"closed","template":"","meta":{"footnotes":""},"class_list":["post-18","page","type-page","status-publish","hentry"],"_links":{"self":[{"href":"https:\/\/cs-berlin.de\/index.php?rest_route=\/wp\/v2\/pages\/18","targetHints":{"allow":["GET"]}}],"collection":[{"href":"https:\/\/cs-berlin.de\/index.php?rest_route=\/wp\/v2\/pages"}],"about":[{"href":"https:\/\/cs-berlin.de\/index.php?rest_route=\/wp\/v2\/types\/page"}],"author":[{"embeddable":true,"href":"https:\/\/cs-berlin.de\/index.php?rest_route=\/wp\/v2\/users\/2"}],"replies":[{"embeddable":true,"href":"https:\/\/cs-berlin.de\/index.php?rest_route=%2Fwp%2Fv2%2Fcomments&post=18"}],"version-history":[{"count":4,"href":"https:\/\/cs-berlin.de\/index.php?rest_route=\/wp\/v2\/pages\/18\/revisions"}],"predecessor-version":[{"id":23,"href":"https:\/\/cs-berlin.de\/index.php?rest_route=\/wp\/v2\/pages\/18\/revisions\/23"}],"wp:attachment":[{"href":"https:\/\/cs-berlin.de\/index.php?rest_route=%2Fwp%2Fv2%2Fmedia&parent=18"}],"curies":[{"name":"wp","href":"https:\/\/api.w.org\/{rel}","templated":true}]}}